{"id":1895,"date":"2017-04-19T07:58:39","date_gmt":"2017-04-19T07:58:39","guid":{"rendered":"https:\/\/decahome.lmstudio.be\/contact\/"},"modified":"2022-04-26T08:30:38","modified_gmt":"2022-04-26T08:30:38","slug":"contact","status":"publish","type":"page","link":"https:\/\/decahome.be\/nl\/contact\/","title":{"rendered":"Contact"},"content":{"rendered":"<p>[vc_row][vc_column]\n\n    <main\n            class=\"page-header-3 \"  id=\"Titre\"  >\n        <div class=\"container\">\n            <div class=\"row\">\n                <div class=\"col-md-3\">\n                    <div class=\"title-hr\"><\/div>\n                <\/div>\n                <div class=\"col-md-8 col-lg-6\"><h1>Contact<\/h1><\/div>\n            <\/div>\n        <\/div>\n    <\/main>\n\t[\/vc_column][\/vc_row][vc_row el_class=&#8221;.container&#8221;][vc_column width=&#8221;1\/2&#8243;][vc_column_text]<\/p>\n<h5 style=\"text-align: left;\">SPIERE SHOWROOM<\/h5>\n<p style=\"text-align: left;\"><i class=\"fa fa-location-arrow\" aria-hidden=\"true\"><\/i>\u2002Ijzeren Bareel 22A &#8211; 8587 Spiere<br \/>\n<i class=\"fa fa-phone\" aria-hidden=\"true\"><\/i>\u2002Telefoon : <a class=\"p-tel\" title=\"Companion: Call +3256457845\" href=\"tel:+3256457845\" data-pnd=\"link\">+ 32 (0) 56 45 78 45<\/a><br \/>\n<i class=\"fa fa-envelope-o\" aria-hidden=\"true\"><\/i>\u2002Email : <a href=\"mailto:info@decahome.be\">info@decahome.be<\/a><br \/>\n<i class=\"fa fa-facebook-official\" aria-hidden=\"true\"><\/i>\u2002Vind ons op <a href=\"https:\/\/www.facebook.com\/DecaHomeGroupe\" target=\"_blank\" rel=\"noopener noreferrer\">Facebook<\/a><\/p>\n<p>[\/vc_column_text][vc_column_text]<\/p>\n<h5 style=\"text-align: left;\">UREN<\/h5>\n<p style=\"text-align: left;\"><strong>OPEN<\/strong><br \/>\nvan maandag t.e.m. vrijdag<br \/>\n10u00 &#8211; 12u00 en 14u00 &#8211; 18u00<br \/>\nop zaterdag<br \/>\n10u00 &#8211; 14u00 NON STOP of op afspraak<br \/>\n<b>GESLOTEN op dinsdag en zondag<\/b><\/p>\n<p>[\/vc_column_text][vc_raw_html]JTNDaWZyYW1lJTIwc3JjJTNEJTIyaHR0cHMlM0ElMkYlMkZ3d3cuZ29vZ2xlLmNvbSUyRm1hcHMlMkZlbWJlZCUzRnBiJTNEJTIxMW0xOCUyMTFtMTIlMjExbTMlMjExZDI1MjUuNTkzMzYxNzY0Njg4MyUyMTJkMy4zMjc4MTQ5NTE1NjM5NzclMjEzZDUwLjcyNzQ4Mjc3OTQxNDElMjEybTMlMjExZjAlMjEyZjAlMjEzZjAlMjEzbTIlMjExaTEwMjQlMjEyaTc2OCUyMTRmMTMuMSUyMTNtMyUyMTFtMiUyMTFzMHg0N2MzMjNkZTlmYjBiOTRmJTI1M0EweGEzOWE1NDliOGIyODY4ZWMlMjEyc0QlMjVDMyUyNUE5Y2ElMjUyMEhvbWUlMjUyMCUyNTNBJTI1MjBwaWVycmVzJTI1MjBuYXR1cmVsbGVzJTI1MkMlMjUyMGNhcnJlbGFnZXMlMjUyQyUyNTIwZmV1eCUyNTJDJTI1MjBjaGVtaW4lMjVDMyUyNUE5ZXMlMjUyQyUyNTIwcG8lMjVDMyUyNUFBbGVzJTI1MjAlMjVDMyUyNUEwJTI1MjBwZWxsZXQlMjE1ZTAlMjEzbTIlMjExc2ZyJTIxMnNiZSUyMTR2MTYwNTc4MjU0Nzc0OSUyMTVtMiUyMTFzZnIlMjEyc2JlJTIyJTIwd2lkdGglM0QlMjIxMDAlMjUlMjIlMjBoZWlnaHQlM0QlMjI0MDAlMjIlMjBmcmFtZWJvcmRlciUzRCUyMjAlMjIlMjBzdHlsZSUzRCUyMmJvcmRlciUzQTAlM0IlMjIlMjBhbGxvd2Z1bGxzY3JlZW4lM0QlMjIlMjIlMjBhcmlhLWhpZGRlbiUzRCUyMmZhbHNlJTIyJTIwdGFiaW5kZXglM0QlMjIwJTIyJTNFJTNDJTJGaWZyYW1lJTNF[\/vc_raw_html][\/vc_column][vc_column width=&#8221;1\/2&#8243;][vc_column_text]<\/p>\n<h5 style=\"text-align: left;\">ATH SHOWROOM<\/h5>\n<p style=\"text-align: left;\"><i class=\"fa fa-location-arrow\" aria-hidden=\"true\"><\/i>\u2002Rue de Brantignies, 8 \u2013 7800 Ath<br \/>\n<i class=\"fa fa-phone\" aria-hidden=\"true\"><\/i>\u2002Telefoon : <a href=\"tel:+3256457845\">+ 32 (0) 56 45 78 45<\/a><br \/>\n<i class=\"fas fa-mobile-alt\" aria-hidden=\"true\"><\/i>\u2002GSM : <a href=\"tel:+32492547639\">+ 32 (0) 492 54 76 39<\/a><br \/>\n<i class=\"fa fa-envelope-o\" aria-hidden=\"true\"><\/i>\u2002Email : <a href=\"mailto:info@decahome.be\">info@decahome.be<\/a><\/p>\n<p>[\/vc_column_text][vc_column_text]<\/p>\n<h5 style=\"text-align: left;\">UREN<\/h5>\n<p style=\"text-align: left;\"><strong>OPEN<\/strong><br \/>\nvan donderdag t.e.m. vrijdag<br \/>\n10u00 &#8211; 12u00 en 13u00 &#8211; 18u00<br \/>\nop zaterdag<br \/>\n10u00 &#8211; 14u00 NON STOP<\/p>\n<p>[\/vc_column_text][vc_raw_html]JTNDaWZyYW1lJTIwc3JjJTNEJTIyaHR0cHMlM0ElMkYlMkZ3d3cuZ29vZ2xlLmNvbSUyRm1hcHMlMkZlbWJlZCUzRnBiJTNEJTIxMW0xNCUyMTFtOCUyMTFtMyUyMTFkMTAxMjMuMDIzMjI1NzQzNzg2JTIxMmQzLjc3NzAyMjclMjEzZDUwLjYzMTY1MyUyMTNtMiUyMTFpMTAyNCUyMTJpNzY4JTIxNGYxMy4xJTIxM20zJTIxMW0yJTIxMXMweDAlMjUzQTB4ZDJlMGNiMTEzODIyYWE2OCUyMTJzRGVjYSUyNTIwSG9tZSUyNTIwR3JvdXBlJTIxNWUwJTIxM20yJTIxMXNmciUyMTJzYmUlMjE0djE2MzYxMDI1MjUzNTMlMjE1bTIlMjExc2ZyJTIxMnNiZSUyMiUyMHdpZHRoJTNEJTIyMTAwJTI1JTIyJTIwaGVpZ2h0JTNEJTIyNDAwJTIyJTIwc3R5bGUlM0QlMjJib3JkZXIlM0EwJTNCJTIyJTIwYWxsb3dmdWxsc2NyZWVuJTNEJTIyJTIyJTIwbG9hZGluZyUzRCUyMmxhenklMjIlM0UlM0MlMkZpZnJhbWUlM0U=[\/vc_raw_html][\/vc_column][\/vc_row][vc_row el_class=&#8221;.container&#8221; css=&#8221;.vc_custom_1606225575798{margin-top: 30px !important;padding-bottom: 50px !important;}&#8221;][vc_column]<div role=\"form\" class=\"wpcf7\" id=\"wpcf7-f2028-o1\" lang=\"nl-NL\" dir=\"ltr\">\n<div class=\"screen-reader-response\"><p role=\"status\" aria-live=\"polite\" aria-atomic=\"true\"><\/p> <ul><\/ul><\/div>\n<form action=\"\/nl\/wp-json\/wp\/v2\/pages\/1895#wpcf7-f2028-o1\" method=\"post\" class=\"wpcf7-form init\" novalidate=\"novalidate\" data-status=\"init\">\n<div style=\"display: none;\">\n<input type=\"hidden\" name=\"_wpcf7\" value=\"2028\" \/>\n<input type=\"hidden\" name=\"_wpcf7_version\" value=\"5.4.2\" \/>\n<input type=\"hidden\" name=\"_wpcf7_locale\" value=\"nl_NL\" \/>\n<input type=\"hidden\" name=\"_wpcf7_unit_tag\" value=\"wpcf7-f2028-o1\" \/>\n<input type=\"hidden\" name=\"_wpcf7_container_post\" value=\"0\" \/>\n<input type=\"hidden\" name=\"_wpcf7_posted_data_hash\" value=\"\" \/>\n<input type=\"hidden\" name=\"_wpcf7_recaptcha_response\" value=\"\" \/>\n<\/div>\n<form class=\"js-form\" novalidate=\"novalidate\">\n<div class=\"row\">\n<div class=\"form-group col-sm-12 col-lg-6\">\n<span class=\"wpcf7-form-control-wrap nom\"><input type=\"text\" name=\"nom\" value=\"\" size=\"40\" class=\"wpcf7-form-control wpcf7-text wpcf7-validates-as-required input-gray\" aria-required=\"true\" aria-invalid=\"false\" placeholder=\"Nom *\" \/><\/span>\n<\/div>\n<div class=\"form-group col-sm-12 col-lg-6\">\n<span class=\"wpcf7-form-control-wrap prenom\"><input type=\"text\" name=\"prenom\" value=\"\" size=\"40\" class=\"wpcf7-form-control wpcf7-text wpcf7-validates-as-required input-gray\" aria-required=\"true\" aria-invalid=\"false\" placeholder=\"Pr\u00e9nom *\" \/><\/span>\n<\/div>\n<div class=\"form-group col-sm-12 col-lg-6\">\n<span class=\"wpcf7-form-control-wrap email\"><input type=\"email\" name=\"email\" value=\"\" size=\"40\" class=\"wpcf7-form-control wpcf7-text wpcf7-email wpcf7-validates-as-required wpcf7-validates-as-email input-gray\" aria-required=\"true\" aria-invalid=\"false\" placeholder=\"E-mail *\" \/><\/span>\n<\/div>\n<div class=\"form-group col-sm-12 col-lg-6\">\n<span class=\"wpcf7-form-control-wrap tel\"><input type=\"text\" name=\"tel\" value=\"\" size=\"40\" class=\"wpcf7-form-control wpcf7-text input-gray\" aria-invalid=\"false\" placeholder=\"T\u00e9l\u00e9phone\" \/><\/span>\n<\/div>\n<div class=\"form-group col-sm-12\">\n<span class=\"wpcf7-form-control-wrap objet\"><input type=\"text\" name=\"objet\" value=\"\" size=\"40\" class=\"wpcf7-form-control wpcf7-text wpcf7-validates-as-required input-gray\" aria-required=\"true\" aria-invalid=\"false\" placeholder=\"Objet de votre demande *\" \/><\/span>\n<\/div>\n<div class=\"form-group col-sm-12\">\n<span class=\"wpcf7-form-control-wrap message\"><textarea name=\"message\" cols=\"40\" rows=\"10\" class=\"wpcf7-form-control wpcf7-textarea wpcf7-validates-as-required input-gray\" aria-required=\"true\" aria-invalid=\"false\" placeholder=\"Message *\"><\/textarea><\/span>\n<\/div>\n<div class=\"col-sm-12\"<br \/>\n<span class=\"wpcf7-form-control-wrap acceptance-597\"><span class=\"wpcf7-form-control wpcf7-acceptance\"><span class=\"wpcf7-list-item\"><label><input type=\"checkbox\" name=\"acceptance-597\" value=\"1\" aria-invalid=\"false\" \/><span class=\"wpcf7-list-item-label\">En cochant cette case, j'accepte que mes donn\u00e9es personnelles soient utilis\u00e9es dans le cadre de ma demande et je confirme avoir pris connaissance de la politique de confidentialit\u00e9.<\/span><\/label><\/span><\/span><\/span>\n<\/div>\n<div class=\"col-sm-12\">\n<input type=\"submit\" value=\"Envoyer ma demande\" class=\"wpcf7-form-control wpcf7-submit btn-upper btn-yellow btn\" \/>\n<\/div>\n<\/div>\n<\/form>\n<div class=\"wpcf7-response-output\" aria-hidden=\"true\"><\/div><\/form><\/div>[\/vc_column][\/vc_row][vc_row disable_element=&#8221;yes&#8221; el_class=&#8221;.container&#8221; css=&#8221;.vc_custom_1636102745540{margin-top: 30px !important;padding-bottom: 50px !important;}&#8221;][vc_column][vc_column_text]<\/p>\n<h5 style=\"text-align: left;\">VIND ONS<\/h5>\n<p>[\/vc_column_text][\/vc_column][\/vc_row][vc_row full_width=&#8221;stretch_row&#8221; content_placement=&#8221;middle&#8221; css=&#8221;.vc_custom_1606126298610{margin-top: 50px !important;background-color: #f28620 !important;}&#8221;][vc_column offset=&#8221;vc_hidden-sm vc_hidden-xs&#8221;][vc_row_inner el_class=&#8221;.container&#8221;][vc_column_inner width=&#8221;2\/3&#8243;][vc_column_text]<span style=\"font-size: 18pt; color: #ffffff;\"><strong>Een renovatieproject ? Ontdek ID Home.<\/strong><\/span>[\/vc_column_text][\/vc_column_inner][vc_column_inner width=&#8221;1\/3&#8243;][vc_btn title=&#8221;<b>NAAR DE WEBSITE<\/b>&#8221; style=&#8221;outline-custom&#8221; outline_custom_color=&#8221;#ffffff&#8221; outline_custom_hover_background=&#8221;&#8221; outline_custom_hover_text=&#8221;#ffffff&#8221; shape=&#8221;square&#8221; align=&#8221;right&#8221; link=&#8221;url:https%3A%2F%2Fid-home.be|target:_blank&#8221;][\/vc_column_inner][\/vc_row_inner][\/vc_column][\/vc_row][vc_row full_width=&#8221;stretch_row&#8221; content_placement=&#8221;middle&#8221; css=&#8221;.vc_custom_1606126298610{margin-top: 50px !important;background-color: #f28620 !important;}&#8221;][vc_column offset=&#8221;vc_hidden-lg vc_hidden-md&#8221;][vc_row_inner el_class=&#8221;.container&#8221;][vc_column_inner width=&#8221;2\/3&#8243;][vc_column_text]<\/p>\n<p style=\"text-align: center;\"><span style=\"font-size: 18pt; color: #ffffff;\"><strong>Een renovatieproject ? Ontdek ID Home.<\/strong><\/span><\/p>\n<p>[\/vc_column_text][\/vc_column_inner][vc_column_inner width=&#8221;1\/3&#8243;][vc_btn title=&#8221;<b>NAAR DE WEBSITE<\/b>&#8221; style=&#8221;outline-custom&#8221; outline_custom_color=&#8221;#ffffff&#8221; outline_custom_hover_background=&#8221;&#8221; outline_custom_hover_text=&#8221;#ffffff&#8221; shape=&#8221;square&#8221; align=&#8221;center&#8221; link=&#8221;url:https%3A%2F%2Fid-home.be|target:_blank&#8221;][\/vc_column_inner][\/vc_row_inner][\/vc_column][\/vc_row][vc_row full_width=&#8221;stretch_row&#8221; gap=&#8221;10&#8243;][vc_column width=&#8221;1\/3&#8243; offset=&#8221;vc_hidden-md vc_hidden-sm vc_hidden-xs&#8221;][vc_custom_heading text=&#8221;DECAHOME GROEP&#8221; font_container=&#8221;tag:h5|text_align:left&#8221; use_theme_fonts=&#8221;yes&#8221;][vc_column_text]<a href=\"https:\/\/decahome.be\"><img loading=\"lazy\" class=\"alignnone size-full wp-image-1505\" src=\"\/wp-content\/uploads\/2020\/11\/Footer_DH.png\" alt=\"Deca Home\" width=\"115\" height=\"115\" \/><\/a>\u2002<a href=\"https:\/\/id-home.be\" target=\"_blank\" rel=\"noopener noreferrer\"><img loading=\"lazy\" class=\"alignnone size-full wp-image-1506\" src=\"\/wp-content\/uploads\/2020\/11\/Footer_ID.png\" alt=\"ID-Home\" width=\"115\" height=\"115\" \/><\/a>[\/vc_column_text][\/vc_column][vc_column width=&#8221;1\/3&#8243; offset=&#8221;vc_hidden-md vc_hidden-sm vc_hidden-xs&#8221;][vc_custom_heading text=&#8221;ONZE SHOWROOMS&#8221; font_container=&#8221;tag:h5|text_align:left&#8221; use_theme_fonts=&#8221;yes&#8221;][vc_wp_custommenu nav_menu=&#8221;40&#8243; el_class=&#8221;menu-magasins&#8221;][\/vc_column][vc_column width=&#8221;1\/3&#8243; offset=&#8221;vc_hidden-md vc_hidden-sm vc_hidden-xs&#8221;][vc_custom_heading text=&#8221;INFORMATIE&#8221; font_container=&#8221;tag:h5|text_align:left&#8221; use_theme_fonts=&#8221;yes&#8221;][vc_wp_custommenu nav_menu=&#8221;18&#8243;][vc_single_image image=&#8221;1993&#8243; img_size=&#8221;125&#215;77&#8243; css=&#8221;.vc_custom_1606988656853{margin-top: -10px !important;margin-bottom: -10px !important;}&#8221;][\/vc_column][\/vc_row][vc_row][vc_column offset=&#8221;vc_hidden-lg&#8221;][vc_row_inner][vc_column_inner width=&#8221;1\/2&#8243;][vc_custom_heading text=&#8221;DECAHOME GROEP&#8221; font_container=&#8221;tag:h5|text_align:left&#8221; use_theme_fonts=&#8221;yes&#8221;][vc_column_text]<a href=\"https:\/\/decahome.be\"><img loading=\"lazy\" class=\"alignnone size-full wp-image-1505\" src=\"\/wp-content\/uploads\/2020\/11\/Footer_DH.png\" alt=\"Deca Home\" width=\"115\" height=\"115\" \/><\/a>\u2002<a href=\"https:\/\/id-home.be\" target=\"_blank\" rel=\"noopener noreferrer\"><img loading=\"lazy\" class=\"alignnone size-full wp-image-1506\" src=\"\/wp-content\/uploads\/2020\/11\/Footer_ID.png\" alt=\"ID-Home\" width=\"115\" height=\"115\" \/><\/a>[\/vc_column_text][\/vc_column_inner][vc_column_inner width=&#8221;1\/2&#8243;][vc_custom_heading text=&#8221;ONZE SHOWROOMS&#8221; font_container=&#8221;tag:h5|text_align:left&#8221; use_theme_fonts=&#8221;yes&#8221;][vc_wp_custommenu nav_menu=&#8221;40&#8243; el_class=&#8221;menu-magasins&#8221;][\/vc_column_inner][\/vc_row_inner][\/vc_column][\/vc_row][vc_row][vc_column offset=&#8221;vc_hidden-lg&#8221;][vc_row_inner][vc_column_inner width=&#8221;1\/2&#8243;][vc_custom_heading text=&#8221;INFORMATIE&#8221; font_container=&#8221;tag:h5|text_align:left&#8221; use_theme_fonts=&#8221;yes&#8221;][vc_wp_custommenu nav_menu=&#8221;18&#8243;][vc_single_image image=&#8221;1993&#8243; img_size=&#8221;125&#215;77&#8243; css=&#8221;.vc_custom_1606988648202{margin-top: -10px !important;margin-bottom: -10px !important;}&#8221;][\/vc_column_inner][vc_column_inner width=&#8221;1\/2&#8243;][\/vc_column_inner][\/vc_row_inner][\/vc_column][\/vc_row]<\/p>\n","protected":false},"excerpt":{"rendered":"<p>[vc_column_text] UREN OPEN van maandag t.e.m. vrijdag 10u00 &#8211; 12u00 en 14u00 &#8211; 18u00 op zaterdag 10u00 &#8211; 14u00 NON STOP of op afspraak GESLOTEN op dinsdag en [&hellip;]<\/p>\n","protected":false},"author":1,"featured_media":0,"parent":0,"menu_order":0,"comment_status":"closed","ping_status":"closed","template":"template-contacts.php","meta":{"_monsterinsights_skip_tracking":false,"_monsterinsights_sitenote_active":false,"_monsterinsights_sitenote_note":"","_monsterinsights_sitenote_category":0},"yoast_head":"<!-- This site is optimized with the Yoast SEO plugin v17.0 - https:\/\/yoast.com\/wordpress\/plugins\/seo\/ -->\n<title>Contact - Deca Home Groep<\/title>\n<meta name=\"robots\" content=\"index, follow, max-snippet:-1, max-image-preview:large, max-video-preview:-1\" \/>\n<link rel=\"canonical\" href=\"https:\/\/decahome.be\/nl\/contact\/\" \/>\n<meta property=\"og:locale\" content=\"nl_NL\" \/>\n<meta property=\"og:type\" content=\"article\" \/>\n<meta property=\"og:title\" content=\"Contact - Deca Home Groep\" \/>\n<meta property=\"og:description\" content=\"[vc_column_text] UREN OPEN van maandag t.e.m. vrijdag 10u00 &#8211; 12u00 en 14u00 &#8211; 18u00 op zaterdag 10u00 &#8211; 14u00 NON STOP of op afspraak GESLOTEN op dinsdag en [&hellip;]\" \/>\n<meta property=\"og:url\" content=\"https:\/\/decahome.be\/nl\/contact\/\" \/>\n<meta property=\"og:site_name\" content=\"Deca Home Groupe\" \/>\n<meta property=\"article:modified_time\" content=\"2022-04-26T08:30:38+00:00\" \/>\n<meta property=\"og:image\" content=\"https:\/\/decahome.be\/wp-content\/uploads\/2020\/11\/Footer_DH.png\" \/>\n<meta name=\"twitter:card\" content=\"summary_large_image\" \/>\n<meta name=\"twitter:label1\" content=\"Geschatte leestijd\" \/>\n\t<meta name=\"twitter:data1\" content=\"2 minuten\" \/>\n<script type=\"application\/ld+json\" class=\"yoast-schema-graph\">{\"@context\":\"https:\/\/schema.org\",\"@graph\":[{\"@type\":\"WebSite\",\"@id\":\"https:\/\/decahome.be\/#website\",\"url\":\"https:\/\/decahome.be\/\",\"name\":\"Deca Home Groupe\",\"description\":\"\",\"potentialAction\":[{\"@type\":\"SearchAction\",\"target\":{\"@type\":\"EntryPoint\",\"urlTemplate\":\"https:\/\/decahome.be\/?s={search_term_string}\"},\"query-input\":\"required name=search_term_string\"}],\"inLanguage\":\"nl\"},{\"@type\":\"ImageObject\",\"@id\":\"https:\/\/decahome.be\/nl\/contact\/#primaryimage\",\"inLanguage\":\"nl\",\"url\":\"\/wp-content\/uploads\/2020\/11\/Footer_DH.png\",\"contentUrl\":\"\/wp-content\/uploads\/2020\/11\/Footer_DH.png\"},{\"@type\":\"WebPage\",\"@id\":\"https:\/\/decahome.be\/nl\/contact\/#webpage\",\"url\":\"https:\/\/decahome.be\/nl\/contact\/\",\"name\":\"Contact - Deca Home Groep\",\"isPartOf\":{\"@id\":\"https:\/\/decahome.be\/#website\"},\"primaryImageOfPage\":{\"@id\":\"https:\/\/decahome.be\/nl\/contact\/#primaryimage\"},\"datePublished\":\"2017-04-19T07:58:39+00:00\",\"dateModified\":\"2022-04-26T08:30:38+00:00\",\"breadcrumb\":{\"@id\":\"https:\/\/decahome.be\/nl\/contact\/#breadcrumb\"},\"inLanguage\":\"nl\",\"potentialAction\":[{\"@type\":\"ReadAction\",\"target\":[\"https:\/\/decahome.be\/nl\/contact\/\"]}]},{\"@type\":\"BreadcrumbList\",\"@id\":\"https:\/\/decahome.be\/nl\/contact\/#breadcrumb\",\"itemListElement\":[{\"@type\":\"ListItem\",\"position\":1,\"name\":\"Accueil\",\"item\":\"https:\/\/decahome.be\/nl\/\"},{\"@type\":\"ListItem\",\"position\":2,\"name\":\"Contact\"}]}]}<\/script>\n<!-- \/ Yoast SEO plugin. -->","yoast_head_json":{"title":"Contact - Deca Home Groep","robots":{"index":"index","follow":"follow","max-snippet":"max-snippet:-1","max-image-preview":"max-image-preview:large","max-video-preview":"max-video-preview:-1"},"canonical":"https:\/\/decahome.be\/nl\/contact\/","og_locale":"nl_NL","og_type":"article","og_title":"Contact - Deca Home Groep","og_description":"[vc_column_text] UREN OPEN van maandag t.e.m. vrijdag 10u00 &#8211; 12u00 en 14u00 &#8211; 18u00 op zaterdag 10u00 &#8211; 14u00 NON STOP of op afspraak GESLOTEN op dinsdag en [&hellip;]","og_url":"https:\/\/decahome.be\/nl\/contact\/","og_site_name":"Deca Home Groupe","article_modified_time":"2022-04-26T08:30:38+00:00","og_image":[{"url":"https:\/\/decahome.be\/wp-content\/uploads\/2020\/11\/Footer_DH.png"}],"twitter_card":"summary_large_image","twitter_misc":{"Geschatte leestijd":"2 minuten"},"schema":{"@context":"https:\/\/schema.org","@graph":[{"@type":"WebSite","@id":"https:\/\/decahome.be\/#website","url":"https:\/\/decahome.be\/","name":"Deca Home Groupe","description":"","potentialAction":[{"@type":"SearchAction","target":{"@type":"EntryPoint","urlTemplate":"https:\/\/decahome.be\/?s={search_term_string}"},"query-input":"required name=search_term_string"}],"inLanguage":"nl"},{"@type":"ImageObject","@id":"https:\/\/decahome.be\/nl\/contact\/#primaryimage","inLanguage":"nl","url":"\/wp-content\/uploads\/2020\/11\/Footer_DH.png","contentUrl":"\/wp-content\/uploads\/2020\/11\/Footer_DH.png"},{"@type":"WebPage","@id":"https:\/\/decahome.be\/nl\/contact\/#webpage","url":"https:\/\/decahome.be\/nl\/contact\/","name":"Contact - Deca Home Groep","isPartOf":{"@id":"https:\/\/decahome.be\/#website"},"primaryImageOfPage":{"@id":"https:\/\/decahome.be\/nl\/contact\/#primaryimage"},"datePublished":"2017-04-19T07:58:39+00:00","dateModified":"2022-04-26T08:30:38+00:00","breadcrumb":{"@id":"https:\/\/decahome.be\/nl\/contact\/#breadcrumb"},"inLanguage":"nl","potentialAction":[{"@type":"ReadAction","target":["https:\/\/decahome.be\/nl\/contact\/"]}]},{"@type":"BreadcrumbList","@id":"https:\/\/decahome.be\/nl\/contact\/#breadcrumb","itemListElement":[{"@type":"ListItem","position":1,"name":"Accueil","item":"https:\/\/decahome.be\/nl\/"},{"@type":"ListItem","position":2,"name":"Contact"}]}]}},"_links":{"self":[{"href":"https:\/\/decahome.be\/nl\/wp-json\/wp\/v2\/pages\/1895"}],"collection":[{"href":"https:\/\/decahome.be\/nl\/wp-json\/wp\/v2\/pages"}],"about":[{"href":"https:\/\/decahome.be\/nl\/wp-json\/wp\/v2\/types\/page"}],"author":[{"embeddable":true,"href":"https:\/\/decahome.be\/nl\/wp-json\/wp\/v2\/users\/1"}],"replies":[{"embeddable":true,"href":"https:\/\/decahome.be\/nl\/wp-json\/wp\/v2\/comments?post=1895"}],"version-history":[{"count":14,"href":"https:\/\/decahome.be\/nl\/wp-json\/wp\/v2\/pages\/1895\/revisions"}],"predecessor-version":[{"id":6093,"href":"https:\/\/decahome.be\/nl\/wp-json\/wp\/v2\/pages\/1895\/revisions\/6093"}],"wp:attachment":[{"href":"https:\/\/decahome.be\/nl\/wp-json\/wp\/v2\/media?parent=1895"}],"curies":[{"name":"wp","href":"https:\/\/api.w.org\/{rel}","templated":true}]}}