{"id":1889,"date":"2020-12-15T12:23:56","date_gmt":"2020-12-15T12:23:56","guid":{"rendered":"https:\/\/decahome.lmstudio.be\/conditions-de-vente\/"},"modified":"2021-11-19T07:54:57","modified_gmt":"2021-11-19T07:54:57","slug":"verkoopvoorwaarden","status":"publish","type":"page","link":"https:\/\/decahome.be\/nl\/verkoopvoorwaarden\/","title":{"rendered":"Verkoopvoorwaarden"},"content":{"rendered":"<div class=\"wpb-content-wrapper\"><p>[vc_row el_class=&#8221;.container&#8221;][vc_column]\n\n    <main\n            class=\"page-header-3 \"  id=\"Titre\"  >\n        <div class=\"container\">\n            <div class=\"row\">\n                <div class=\"col-md-3\">\n                    <div class=\"title-hr\"><\/div>\n                <\/div>\n                <div class=\"col-md-8 col-lg-6\"><h1>Verkoopvoorwaarden<\/h1><\/div>\n            <\/div>\n        <\/div>\n    <\/main>\n\t[vc_column_text]<strong>Art.1<\/strong><strong>. <\/strong>Paiement \u00e0 la commande 40%, au milieu des travaux, 40%, \u00e0 la fin des travaux 20%.Dans le cas o\u00f9 ces clauses ne seraient pas respect\u00e9es, l\u2019entrepreneur a le droit de se retirer sans autre pr\u00e9avis que le pr\u00e9sent. Les prix sont remis coupl\u00e9s avec l\u2019index UACB avec comme base la date de la remise de prix.<\/p>\n<p><strong>Art.2<\/strong>. Le client doit faire r\u00e9ception du travail d\u00e8s la fin de l\u2019ex\u00e9cution. L\u2019entreprise n\u2019est pas responsable des d\u00e9g\u00e2ts, souillures, etc\u2026qui pourraient survenir apr\u00e8s la fin des travaux. L\u2019entreprise ne donne aucune garantie sur les mat\u00e9riaux que celles donn\u00e9es par le fournisseur. Les \u00e9chantillons choisis seront not\u00e9s et sign\u00e9s. En cas de changement, une majoration pourra \u00eatre compt\u00e9e.<\/p>\n<p><strong>Art.3. <\/strong>Tous les changements survenant dans la situation de l\u2019acheteur permettent \u00e0 l\u2019entreprise d\u2019exiger des garanties ou d\u2019annuler le contrat.<\/p>\n<p><strong>Art.4. <\/strong>DECA HOME sprl ne sera tenu en aucun cas responsable des retards \u00e9ventuels dus aux livraisons et de tout dommage et d\u00e9t\u00e9rioration\u00a0 affectant les mat\u00e9riaux ou marchandises\u00a0m\u00eame en cas de date limit\u00e9e.<\/p>\n<p><strong>Art.5. <\/strong>Tous nos travaux sont soumis aux normes belges NBN, toute d\u00e9rogation \u00e0 ces normes pour force majeure ou autre, annule toute garantie, et de ce chef, toute d\u00e9claration pour vice et\u00a0d\u00e9faut.<\/p>\n<p><strong>Art.6. <\/strong>L\u2019acc\u00e8s du lieu de travail doit \u00eatre carrossable et abordable.<\/p>\n<p><strong>Art.7. <\/strong>Nos factures sont payables au comptant \u00e0 Espierres au plus tard \u00e0 30 jours apr\u00e8s la date de la facture.<\/p>\n<p><strong>Art.8. <\/strong>A d\u00e9faut de paiement dans les 30 jours de la date de la facture, un int\u00e9r\u00eat de 1,5% par mois \u00e9coul\u00e9 ou commenc\u00e9 sans n\u00e9cessit\u00e9 de mise en demeure ou avertissement et par seule \u00e9ch\u00e9ance du terme, cet int\u00e9r\u00eat restera d\u00fb, m\u00eame si nos relev\u00e9s de compte n\u2019en faisaient pas mention<\/p>\n<p><strong>Art.9. <\/strong>En cas de retard de paiement d\u2019une seule de nos factures par le client, nous sommes en droit d\u2019arr\u00eater nos travaux ou livraisons apr\u00e8s envoi recommand\u00e9.<\/p>\n<p><strong>Art.10. <\/strong>Toute r\u00e9clamation doit nous parvenir huit\u00a0 jours de la date de la facture.<\/p>\n<p><strong>Art.11. <\/strong>Toute action en justice sera de la comp\u00e9tence exclusive des tribunaux de l\u2019arrondissement judiciaire de Tournai.[\/vc_column_text][\/vc_column][\/vc_row][vc_row full_width=&#8221;stretch_row&#8221; content_placement=&#8221;middle&#8221; css=&#8221;.vc_custom_1606126298610{margin-top: 50px !important;background-color: #f28620 !important;}&#8221;][vc_column offset=&#8221;vc_hidden-sm vc_hidden-xs&#8221;][vc_row_inner el_class=&#8221;.container&#8221;][vc_column_inner width=&#8221;2\/3&#8243;][vc_column_text]<span style=\"font-size: 18pt; color: #ffffff;\"><strong>Laat uw dromen uitkomen, binnen en buiten.<\/strong><\/span>[\/vc_column_text][\/vc_column_inner][vc_column_inner width=&#8221;1\/3&#8243;][vc_btn title=&#8221;<b>NEEM CONTACT MET ONS OP<\/b>&#8221; style=&#8221;outline-custom&#8221; outline_custom_color=&#8221;#ffffff&#8221; outline_custom_hover_background=&#8221;&#8221; outline_custom_hover_text=&#8221;#ffffff&#8221; shape=&#8221;square&#8221; align=&#8221;right&#8221; link=&#8221;url:%2Fnl%2Fcontact%2F|title:Contact&#8221;][\/vc_column_inner][\/vc_row_inner][\/vc_column][\/vc_row][vc_row full_width=&#8221;stretch_row&#8221; content_placement=&#8221;middle&#8221; css=&#8221;.vc_custom_1606126298610{margin-top: 50px !important;background-color: #f28620 !important;}&#8221;][vc_column offset=&#8221;vc_hidden-lg vc_hidden-md&#8221;][vc_row_inner el_class=&#8221;.container&#8221;][vc_column_inner width=&#8221;2\/3&#8243;][vc_column_text]<\/p>\n<p style=\"text-align: center;\"><span style=\"font-size: 18pt; color: #ffffff;\"><strong>Laat uw dromen uitkomen, binnen en buiten.<\/strong><\/span><\/p>\n<p>[\/vc_column_text][\/vc_column_inner][vc_column_inner width=&#8221;1\/3&#8243;][vc_btn title=&#8221;<b>NEEM CONTACT MET ONS OP<\/b>&#8221; style=&#8221;outline-custom&#8221; outline_custom_color=&#8221;#ffffff&#8221; outline_custom_hover_background=&#8221;&#8221; outline_custom_hover_text=&#8221;#ffffff&#8221; shape=&#8221;square&#8221; align=&#8221;center&#8221; link=&#8221;url:%2Fnl%2Fcontact%2F|title:Contact&#8221;][\/vc_column_inner][\/vc_row_inner][\/vc_column][\/vc_row][vc_row full_width=&#8221;stretch_row&#8221; gap=&#8221;10&#8243;][vc_column width=&#8221;1\/3&#8243; offset=&#8221;vc_hidden-md vc_hidden-sm vc_hidden-xs&#8221;][vc_custom_heading text=&#8221;DECAHOME GROEP&#8221; font_container=&#8221;tag:h5|text_align:left&#8221; use_theme_fonts=&#8221;yes&#8221;][vc_column_text]<a href=\"https:\/\/decahome.be\"><img loading=\"lazy\" decoding=\"async\" class=\"alignnone size-full wp-image-1505\" src=\"\/wp-content\/uploads\/2020\/11\/Footer_DH.png\" alt=\"Deca Home\" width=\"115\" height=\"115\" \/><\/a>\u2002<a href=\"https:\/\/id-home.be\" target=\"_blank\" rel=\"noopener noreferrer\"><img loading=\"lazy\" decoding=\"async\" class=\"alignnone size-full wp-image-1506\" src=\"\/wp-content\/uploads\/2020\/11\/Footer_ID.png\" alt=\"ID-Home\" width=\"115\" height=\"115\" \/><\/a>[\/vc_column_text][\/vc_column][vc_column width=&#8221;1\/3&#8243; offset=&#8221;vc_hidden-md vc_hidden-sm vc_hidden-xs&#8221;][vc_custom_heading text=&#8221;ONZE SHOWROOMS&#8221; font_container=&#8221;tag:h5|text_align:left&#8221; use_theme_fonts=&#8221;yes&#8221;][vc_wp_custommenu nav_menu=&#8221;40&#8243; el_class=&#8221;menu-magasins&#8221;][\/vc_column][vc_column width=&#8221;1\/3&#8243; offset=&#8221;vc_hidden-md vc_hidden-sm vc_hidden-xs&#8221;][vc_custom_heading text=&#8221;INFORMATIE&#8221; font_container=&#8221;tag:h5|text_align:left&#8221; use_theme_fonts=&#8221;yes&#8221;][vc_wp_custommenu nav_menu=&#8221;18&#8243;][vc_single_image image=&#8221;1993&#8243; img_size=&#8221;125&#215;77&#8243; css=&#8221;.vc_custom_1606988656853{margin-top: -10px !important;margin-bottom: -10px !important;}&#8221;][\/vc_column][\/vc_row][vc_row][vc_column offset=&#8221;vc_hidden-lg&#8221;][vc_row_inner][vc_column_inner width=&#8221;1\/2&#8243;][vc_custom_heading text=&#8221;DECAHOME GROEP&#8221; font_container=&#8221;tag:h5|text_align:left&#8221; use_theme_fonts=&#8221;yes&#8221;][vc_column_text]<a href=\"https:\/\/decahome.be\"><img loading=\"lazy\" decoding=\"async\" class=\"alignnone size-full wp-image-1505\" src=\"\/wp-content\/uploads\/2020\/11\/Footer_DH.png\" alt=\"Deca Home\" width=\"115\" height=\"115\" \/><\/a>\u2002<a href=\"https:\/\/id-home.be\" target=\"_blank\" rel=\"noopener noreferrer\"><img loading=\"lazy\" decoding=\"async\" class=\"alignnone size-full wp-image-1506\" src=\"\/wp-content\/uploads\/2020\/11\/Footer_ID.png\" alt=\"ID-Home\" width=\"115\" height=\"115\" \/><\/a>[\/vc_column_text][\/vc_column_inner][vc_column_inner width=&#8221;1\/2&#8243;][vc_custom_heading text=&#8221;ONZE SHOWROOMS&#8221; font_container=&#8221;tag:h5|text_align:left&#8221; use_theme_fonts=&#8221;yes&#8221;][vc_wp_custommenu nav_menu=&#8221;40&#8243; el_class=&#8221;menu-magasins&#8221;][\/vc_column_inner][\/vc_row_inner][\/vc_column][\/vc_row][vc_row][vc_column offset=&#8221;vc_hidden-lg&#8221;][vc_row_inner][vc_column_inner width=&#8221;1\/2&#8243;][vc_custom_heading text=&#8221;INFORMATIE&#8221; font_container=&#8221;tag:h5|text_align:left&#8221; use_theme_fonts=&#8221;yes&#8221;][vc_wp_custommenu nav_menu=&#8221;18&#8243;][vc_single_image image=&#8221;1993&#8243; img_size=&#8221;125&#215;77&#8243; css=&#8221;.vc_custom_1606988648202{margin-top: -10px !important;margin-bottom: -10px !important;}&#8221;][\/vc_column_inner][vc_column_inner width=&#8221;1\/2&#8243;][\/vc_column_inner][\/vc_row_inner][\/vc_column][\/vc_row]<\/p>\n<\/div>","protected":false},"excerpt":{"rendered":"<p>[vc_row el_class=&#8221;.container&#8221;][vc_column][vc_column_text]Art.1. Paiement \u00e0 la commande 40%, au milieu des travaux, 40%, \u00e0 la fin des travaux 20%.Dans le cas o\u00f9 ces clauses ne seraient pas respect\u00e9es, l\u2019entrepreneur a le droit de se retirer sans autre pr\u00e9avis que le pr\u00e9sent. Les prix sont remis coupl\u00e9s avec l\u2019index UACB avec comme base la date de la [&hellip;]<\/p>\n","protected":false},"author":4,"featured_media":0,"parent":0,"menu_order":0,"comment_status":"closed","ping_status":"closed","template":"template-contacts.php","meta":{"footnotes":""},"class_list":["post-1889","page","type-page","status-publish","hentry"],"yoast_head":"<!-- This site is optimized with the Yoast SEO plugin v27.5 - https:\/\/yoast.com\/product\/yoast-seo-wordpress\/ -->\n<title>Verkoopvoorwaarden - Deca Home Groep<\/title>\n<meta name=\"robots\" content=\"index, follow, max-snippet:-1, max-image-preview:large, max-video-preview:-1\" \/>\n<link rel=\"canonical\" href=\"https:\/\/decahome.be\/nl\/verkoopvoorwaarden\/\" \/>\n<meta property=\"og:locale\" content=\"nl_NL\" \/>\n<meta property=\"og:type\" content=\"article\" \/>\n<meta property=\"og:title\" content=\"Verkoopvoorwaarden - Deca Home Groep\" \/>\n<meta property=\"og:description\" content=\"[vc_row el_class=&#8221;.container&#8221;][vc_column][vc_column_text]Art.1. Paiement \u00e0 la commande 40%, au milieu des travaux, 40%, \u00e0 la fin des travaux 20%.Dans le cas o\u00f9 ces clauses ne seraient pas respect\u00e9es, l\u2019entrepreneur a le droit de se retirer sans autre pr\u00e9avis que le pr\u00e9sent. Les prix sont remis coupl\u00e9s avec l\u2019index UACB avec comme base la date de la [&hellip;]\" \/>\n<meta property=\"og:url\" content=\"https:\/\/decahome.be\/nl\/verkoopvoorwaarden\/\" \/>\n<meta property=\"og:site_name\" content=\"Deca Home Groupe\" \/>\n<meta property=\"article:modified_time\" content=\"2021-11-19T07:54:57+00:00\" \/>\n<meta name=\"twitter:card\" content=\"summary_large_image\" \/>\n<meta name=\"twitter:label1\" content=\"Geschatte leestijd\" \/>\n\t<meta name=\"twitter:data1\" content=\"3 minuten\" \/>\n<script type=\"application\/ld+json\" class=\"yoast-schema-graph\">{\"@context\":\"https:\\\/\\\/schema.org\",\"@graph\":[{\"@type\":\"WebPage\",\"@id\":\"https:\\\/\\\/decahome.be\\\/nl\\\/verkoopvoorwaarden\\\/\",\"url\":\"https:\\\/\\\/decahome.be\\\/nl\\\/verkoopvoorwaarden\\\/\",\"name\":\"Verkoopvoorwaarden - Deca Home Groep\",\"isPartOf\":{\"@id\":\"https:\\\/\\\/decahome.be\\\/nl\\\/#website\"},\"datePublished\":\"2020-12-15T12:23:56+00:00\",\"dateModified\":\"2021-11-19T07:54:57+00:00\",\"breadcrumb\":{\"@id\":\"https:\\\/\\\/decahome.be\\\/nl\\\/verkoopvoorwaarden\\\/#breadcrumb\"},\"inLanguage\":\"nl-NL\",\"potentialAction\":[{\"@type\":\"ReadAction\",\"target\":[\"https:\\\/\\\/decahome.be\\\/nl\\\/verkoopvoorwaarden\\\/\"]}]},{\"@type\":\"BreadcrumbList\",\"@id\":\"https:\\\/\\\/decahome.be\\\/nl\\\/verkoopvoorwaarden\\\/#breadcrumb\",\"itemListElement\":[{\"@type\":\"ListItem\",\"position\":1,\"name\":\"Accueil\",\"item\":\"https:\\\/\\\/decahome.be\\\/nl\\\/\"},{\"@type\":\"ListItem\",\"position\":2,\"name\":\"Verkoopvoorwaarden\"}]},{\"@type\":\"WebSite\",\"@id\":\"https:\\\/\\\/decahome.be\\\/nl\\\/#website\",\"url\":\"https:\\\/\\\/decahome.be\\\/nl\\\/\",\"name\":\"Deca Home Groupe\",\"description\":\"\",\"potentialAction\":[{\"@type\":\"SearchAction\",\"target\":{\"@type\":\"EntryPoint\",\"urlTemplate\":\"https:\\\/\\\/decahome.be\\\/nl\\\/?s={search_term_string}\"},\"query-input\":{\"@type\":\"PropertyValueSpecification\",\"valueRequired\":true,\"valueName\":\"search_term_string\"}}],\"inLanguage\":\"nl-NL\"}]}<\/script>\n<!-- \/ Yoast SEO plugin. -->","yoast_head_json":{"title":"Verkoopvoorwaarden - Deca Home Groep","robots":{"index":"index","follow":"follow","max-snippet":"max-snippet:-1","max-image-preview":"max-image-preview:large","max-video-preview":"max-video-preview:-1"},"canonical":"https:\/\/decahome.be\/nl\/verkoopvoorwaarden\/","og_locale":"nl_NL","og_type":"article","og_title":"Verkoopvoorwaarden - Deca Home Groep","og_description":"[vc_row el_class=&#8221;.container&#8221;][vc_column][vc_column_text]Art.1. Paiement \u00e0 la commande 40%, au milieu des travaux, 40%, \u00e0 la fin des travaux 20%.Dans le cas o\u00f9 ces clauses ne seraient pas respect\u00e9es, l\u2019entrepreneur a le droit de se retirer sans autre pr\u00e9avis que le pr\u00e9sent. Les prix sont remis coupl\u00e9s avec l\u2019index UACB avec comme base la date de la [&hellip;]","og_url":"https:\/\/decahome.be\/nl\/verkoopvoorwaarden\/","og_site_name":"Deca Home Groupe","article_modified_time":"2021-11-19T07:54:57+00:00","twitter_card":"summary_large_image","twitter_misc":{"Geschatte leestijd":"3 minuten"},"schema":{"@context":"https:\/\/schema.org","@graph":[{"@type":"WebPage","@id":"https:\/\/decahome.be\/nl\/verkoopvoorwaarden\/","url":"https:\/\/decahome.be\/nl\/verkoopvoorwaarden\/","name":"Verkoopvoorwaarden - Deca Home Groep","isPartOf":{"@id":"https:\/\/decahome.be\/nl\/#website"},"datePublished":"2020-12-15T12:23:56+00:00","dateModified":"2021-11-19T07:54:57+00:00","breadcrumb":{"@id":"https:\/\/decahome.be\/nl\/verkoopvoorwaarden\/#breadcrumb"},"inLanguage":"nl-NL","potentialAction":[{"@type":"ReadAction","target":["https:\/\/decahome.be\/nl\/verkoopvoorwaarden\/"]}]},{"@type":"BreadcrumbList","@id":"https:\/\/decahome.be\/nl\/verkoopvoorwaarden\/#breadcrumb","itemListElement":[{"@type":"ListItem","position":1,"name":"Accueil","item":"https:\/\/decahome.be\/nl\/"},{"@type":"ListItem","position":2,"name":"Verkoopvoorwaarden"}]},{"@type":"WebSite","@id":"https:\/\/decahome.be\/nl\/#website","url":"https:\/\/decahome.be\/nl\/","name":"Deca Home Groupe","description":"","potentialAction":[{"@type":"SearchAction","target":{"@type":"EntryPoint","urlTemplate":"https:\/\/decahome.be\/nl\/?s={search_term_string}"},"query-input":{"@type":"PropertyValueSpecification","valueRequired":true,"valueName":"search_term_string"}}],"inLanguage":"nl-NL"}]}},"_links":{"self":[{"href":"https:\/\/decahome.be\/nl\/wp-json\/wp\/v2\/pages\/1889","targetHints":{"allow":["GET"]}}],"collection":[{"href":"https:\/\/decahome.be\/nl\/wp-json\/wp\/v2\/pages"}],"about":[{"href":"https:\/\/decahome.be\/nl\/wp-json\/wp\/v2\/types\/page"}],"author":[{"embeddable":true,"href":"https:\/\/decahome.be\/nl\/wp-json\/wp\/v2\/users\/4"}],"replies":[{"embeddable":true,"href":"https:\/\/decahome.be\/nl\/wp-json\/wp\/v2\/comments?post=1889"}],"version-history":[{"count":9,"href":"https:\/\/decahome.be\/nl\/wp-json\/wp\/v2\/pages\/1889\/revisions"}],"predecessor-version":[{"id":6061,"href":"https:\/\/decahome.be\/nl\/wp-json\/wp\/v2\/pages\/1889\/revisions\/6061"}],"wp:attachment":[{"href":"https:\/\/decahome.be\/nl\/wp-json\/wp\/v2\/media?parent=1889"}],"curies":[{"name":"wp","href":"https:\/\/api.w.org\/{rel}","templated":true}]}}